{"id":143,"date":"2011-08-19T20:13:24","date_gmt":"2011-08-19T18:13:24","guid":{"rendered":"http:\/\/xn--mozodieldesanchiigo-b4b.es\/?page_id=143"},"modified":"2011-10-26T20:38:41","modified_gmt":"2011-10-26T18:38:41","slug":"contacta-con-el-ayuntamiento","status":"publish","type":"page","link":"http:\/\/xn--mozodieldesanchiigo-b4b.es\/?page_id=143","title":{"rendered":"Contacto."},"content":{"rendered":"<p><strong>&#8211; <span style=\"color: #003366;\">Consultas al Alcalde:<\/span><\/strong><\/p>\n<p style=\"padding-left: 30px;\"><em>Email:<\/em> alcalde@mozodieldesanchi\u00f1igo.es<\/p>\n<p><strong>&#8211; <span style=\"color: #003366;\">Consutas al Tesorero:<\/span><\/strong><\/p>\n<p style=\"padding-left: 30px;\"><em>Email:<\/em> tesorero@mozodieldesanchi\u00f1igo.es<\/p>\n<p>&#8211; <span style=\"color: #003366;\">Consultas e <strong>informacion general:<\/strong><\/span><\/p>\n<p style=\"padding-left: 30px;\"><em>Email:<\/em> informacion@mozodieldesanchi\u00f1igo.es<\/p>\n<p>&#8211; Consultas e informacion sobre temas <strong>informaticos, web, internet<\/strong> comunal:<\/p>\n<p style=\"padding-left: 30px;\"><em>Email:<\/em> informatica@mozodieldesanchi\u00f1igo.es<\/p>\n<p>&nbsp;<\/p>\n<p><em>No dude en consultar con quien usted necesite de nuestra\u00a0corporaci\u00f3n, le responderemos lo antes posible.<\/em><\/p>\n","protected":false},"excerpt":{"rendered":"<p>&#8211; Consultas al Alcalde: Email: alcalde@mozodieldesanchi\u00f1igo.es &#8211; Consutas al Tesorero: Email: tesorero@mozodieldesanchi\u00f1igo.es &#8211; Consultas e informacion general: Email: informacion@mozodieldesanchi\u00f1igo.es &#8211; Consultas e informacion sobre temas informaticos, web, internet comunal: Email: informatica@mozodieldesanchi\u00f1igo.es &nbsp; No dude en consultar con quien usted necesite &hellip; <a href=\"http:\/\/xn--mozodieldesanchiigo-b4b.es\/?page_id=143\">Sigue leyendo <span class=\"meta-nav\">&rarr;<\/span><\/a><\/p>\n","protected":false},"author":1,"featured_media":0,"parent":33,"menu_order":9,"comment_status":"open","ping_status":"closed","template":"","meta":{"footnotes":""},"class_list":["post-143","page","type-page","status-publish","hentry"],"_links":{"self":[{"href":"http:\/\/xn--mozodieldesanchiigo-b4b.es\/index.php?rest_route=\/wp\/v2\/pages\/143","targetHints":{"allow":["GET"]}}],"collection":[{"href":"http:\/\/xn--mozodieldesanchiigo-b4b.es\/index.php?rest_route=\/wp\/v2\/pages"}],"about":[{"href":"http:\/\/xn--mozodieldesanchiigo-b4b.es\/index.php?rest_route=\/wp\/v2\/types\/page"}],"author":[{"embeddable":true,"href":"http:\/\/xn--mozodieldesanchiigo-b4b.es\/index.php?rest_route=\/wp\/v2\/users\/1"}],"replies":[{"embeddable":true,"href":"http:\/\/xn--mozodieldesanchiigo-b4b.es\/index.php?rest_route=%2Fwp%2Fv2%2Fcomments&post=143"}],"version-history":[{"count":6,"href":"http:\/\/xn--mozodieldesanchiigo-b4b.es\/index.php?rest_route=\/wp\/v2\/pages\/143\/revisions"}],"predecessor-version":[{"id":249,"href":"http:\/\/xn--mozodieldesanchiigo-b4b.es\/index.php?rest_route=\/wp\/v2\/pages\/143\/revisions\/249"}],"up":[{"embeddable":true,"href":"http:\/\/xn--mozodieldesanchiigo-b4b.es\/index.php?rest_route=\/wp\/v2\/pages\/33"}],"wp:attachment":[{"href":"http:\/\/xn--mozodieldesanchiigo-b4b.es\/index.php?rest_route=%2Fwp%2Fv2%2Fmedia&parent=143"}],"curies":[{"name":"wp","href":"https:\/\/api.w.org\/{rel}","templated":true}]}}