{"id":28,"date":"2011-07-03T12:46:03","date_gmt":"2011-07-03T10:46:03","guid":{"rendered":"http:\/\/xn--mozodieldesanchiigo-b4b.es\/?page_id=28"},"modified":"2011-07-06T18:40:36","modified_gmt":"2011-07-06T16:40:36","slug":"28-2","status":"publish","type":"page","link":"http:\/\/xn--mozodieldesanchiigo-b4b.es\/?page_id=28","title":{"rendered":"Bienvenida del Alcalde"},"content":{"rendered":"<p><strong> <\/strong><\/p>\n<p><strong> <\/strong><\/p>\n<p><strong> <\/strong><\/p>\n<p><strong> <\/strong><\/p>\n<p><strong> <\/strong><\/p>\n<p><strong><\/p>\n<div id=\"attachment_29\" style=\"width: 190px\" class=\"wp-caption alignleft\"><img loading=\"lazy\" decoding=\"async\" aria-describedby=\"caption-attachment-29\" class=\"size-full wp-image-29\" title=\"Miguel \u00c1ngel \u00c1vila Santiago. Alcalde de Mozodiel de Sanch\u00ed\u00f1igo.\" src=\"http:\/\/xn--mozodieldesanchiigo-b4b.es\/wp-content\/uploads\/2011\/07\/13082010386.jpg\" alt=\"Miguel \u00c1ngel \u00c1vila Santiago. Alcalde de Mozodiel de Sanch\u00ed\u00f1igo.\" width=\"180\" height=\"243\" \/><p id=\"caption-attachment-29\" class=\"wp-caption-text\">Miguel \u00c1ngel \u00c1vila Santiago. Alcalde de Mozodiel de Sanch\u00ed\u00f1igo.<\/p><\/div>\n<p><\/strong><\/p>\n<p><strong> <\/strong><\/p>\n<p><strong> <\/strong><\/p>\n<p><strong> <\/strong><\/p>\n<p><strong> <\/strong><\/p>\n<p><strong>Bienvenida del alcalde de Mozodiel de Sanch\u00ed\u00f1igo<\/strong><\/p>\n<p>Estimados vecinos y amigos de <strong>Mozodiel de Sanchi\u00f1igo<\/strong>, nuestro pueblo, afable, carism\u00e1tico, cercano, interesante, etc, dentro de la provincia de Salamanca y mas en particular de la <strong>Armu\u00f1a <\/strong>de la que formamos parte significativa y nos otorga su caracter.<\/p>\n<p>Nos sentimos un municipio tranquilo, entre quizas pocos vecinos pero realmente somos a su vez <strong>vecinos de importantes n\u00facleos<\/strong>: Villamayor, Castellanos de Villiquera, Valverdon, Florida de Liebana, Pino de Tormes, Urbanizaci\u00f3n los Almendros, Canteras de Villamayor, El Pajaron, etc, incluso de la mism\u00edsima Salamanca a tan solo 7 km.<\/p>\n<p>Nuestro pueblo tambi\u00e9n es un <strong>municipio de agua<\/strong>, a 1km el r\u00edo <strong>Tormes <\/strong>y sus zonas de Ribera, el <strong>Arroyo de la Encina <\/strong>que siempre lo tenemos enfrente. Tambi\u00e9n disponemos del honor de cuidar un patrimonio importante para nuestra densidad poblacional, un importante <strong>potro de madera<\/strong> unico en la provincia, un <strong>puente hist\u00f3rico <\/strong>por el que paso <strong>Cristobal Colon <\/strong>en su camino a el <strong>monasterio de Valcuevo<\/strong>, una <strong>fuente romana <\/strong>en perfecto estado.<\/p>\n<p>Nuestro <strong>municipio <\/strong>es eminentemente <strong>agr\u00edcola <\/strong>y sus vecinos son todos importantes, e incluso socialmente reconocidos. Sorprende la alta densidad de gente buena en tan poca poblaci\u00f3n y se dice que es el agua y la tranquilidad. Tambi\u00e9n muestra de esto es la fama de longevidad que pose el municipio y sus vecinos.<\/p>\n<p>Mozodiel de Sanch\u00ed\u00f1igo es <strong>un pueblo de pocos pero para todos<\/strong>.<\/p>\n<p>Les deseo a todos disfruten de Mozodiel de Sanchi\u00f1igo. A Mozodiel no llega quien quiere sino quien puede.<\/p>\n<p>Atentamente,<\/p>\n<blockquote><p>Miguel Angel Avila Santiago<br \/>\nAlcalde de Mozodiel de Sanch\u00ed\u00f1igo.<\/p><\/blockquote>\n","protected":false},"excerpt":{"rendered":"<p>Bienvenida del alcalde de Mozodiel de Sanch\u00ed\u00f1igo Estimados vecinos y amigos de Mozodiel de Sanchi\u00f1igo, nuestro pueblo, afable, carism\u00e1tico, cercano, interesante, etc, dentro de la provincia de Salamanca y mas en particular de la Armu\u00f1a de la que formamos parte &hellip; <a href=\"http:\/\/xn--mozodieldesanchiigo-b4b.es\/?page_id=28\">Sigue leyendo <span class=\"meta-nav\">&rarr;<\/span><\/a><\/p>\n","protected":false},"author":1,"featured_media":0,"parent":0,"menu_order":0,"comment_status":"open","ping_status":"open","template":"","meta":{"footnotes":""},"class_list":["post-28","page","type-page","status-publish","hentry"],"_links":{"self":[{"href":"http:\/\/xn--mozodieldesanchiigo-b4b.es\/index.php?rest_route=\/wp\/v2\/pages\/28","targetHints":{"allow":["GET"]}}],"collection":[{"href":"http:\/\/xn--mozodieldesanchiigo-b4b.es\/index.php?rest_route=\/wp\/v2\/pages"}],"about":[{"href":"http:\/\/xn--mozodieldesanchiigo-b4b.es\/index.php?rest_route=\/wp\/v2\/types\/page"}],"author":[{"embeddable":true,"href":"http:\/\/xn--mozodieldesanchiigo-b4b.es\/index.php?rest_route=\/wp\/v2\/users\/1"}],"replies":[{"embeddable":true,"href":"http:\/\/xn--mozodieldesanchiigo-b4b.es\/index.php?rest_route=%2Fwp%2Fv2%2Fcomments&post=28"}],"version-history":[{"count":7,"href":"http:\/\/xn--mozodieldesanchiigo-b4b.es\/index.php?rest_route=\/wp\/v2\/pages\/28\/revisions"}],"predecessor-version":[{"id":47,"href":"http:\/\/xn--mozodieldesanchiigo-b4b.es\/index.php?rest_route=\/wp\/v2\/pages\/28\/revisions\/47"}],"wp:attachment":[{"href":"http:\/\/xn--mozodieldesanchiigo-b4b.es\/index.php?rest_route=%2Fwp%2Fv2%2Fmedia&parent=28"}],"curies":[{"name":"wp","href":"https:\/\/api.w.org\/{rel}","templated":true}]}}