{"id":303,"date":"2011-11-02T20:03:13","date_gmt":"2011-11-02T18:03:13","guid":{"rendered":"http:\/\/xn--mozodieldesanchiigo-b4b.es\/?page_id=303"},"modified":"2011-11-25T16:01:34","modified_gmt":"2011-11-25T14:01:34","slug":"toponimios","status":"publish","type":"page","link":"http:\/\/xn--mozodieldesanchiigo-b4b.es\/?page_id=303","title":{"rendered":"TOPONIMOS DE MOZODIEL DE SANCHI\u00d1IGO"},"content":{"rendered":"<p><span style=\"font-family: Verdana; font-size: xx-small;\"><span style=\"line-height: 15px;\"><br \/>\n<\/span><\/span><\/p>\n<p><strong>ALGUNOS TOP\u00d3NIMOS MENORES EN MOZODIEL<\/strong><\/p>\n<p><strong> <\/strong><\/p>\n<p>Camino de Aldeaseca<\/p>\n<p>Camino de Villamayor<\/p>\n<p>Casa de la Huerta<\/p>\n<p>Camino de Forfoleda<\/p>\n<p>Camino de El Canto<\/p>\n<p>Tesonera<\/p>\n<p>Camino a Tesonera o Calzada Vieja<\/p>\n<p>Arroyo de la Encina<\/p>\n<p>Los Rosales<\/p>\n<p>Camino a Valverd\u00f3n<\/p>\n<p>Majadal de las Cocas.<\/p>\n<p>ALGUNOS TOP\u00d3NIMOS MENORES EN MOZODIEL<\/p>\n<ul>\n<li>Arenas, Las<\/li>\n<li>Arroyo de la Encina<\/li>\n<li>Calzada de Ledesma, La<\/li>\n<li>Camino a Tesonera o Calzada Vieja<\/li>\n<li>Camino a Valverd\u00f3n<\/li>\n<li>Camino de Aldeaseca<\/li>\n<li>Camino de El Canto<\/li>\n<li>Camino de Forfoleda<\/li>\n<li>Camino de Moraseca<\/li>\n<li>Camino de Valcuevo<\/li>\n<li>Camino de Villamayor<\/li>\n<li>Canal, El<\/li>\n<li>Cantera, La<\/li>\n<li>Casa de la Huerta<\/li>\n<li>Casas, Las; la vera de las Casas<\/li>\n<li>Cascajos, Los<\/li>\n<li>Cebadera, La<\/li>\n<li>Cerrojo, El; el alto del Cerrojo<\/li>\n<li>Charco de la Puente, El<\/li>\n<li>Cu\u00e9rrago de Arriba, El<\/li>\n<li>Cu\u00e9rrago Tripero, El<\/li>\n<li>Cuesta de Buenamadre, La<\/li>\n<li>Ejido, El<\/li>\n<li>Entre los dos caminos<\/li>\n<li>Galanas, Las<\/li>\n<li>Garnachas, Las<\/li>\n<li>Gri\u00f1\u00f3n, El<\/li>\n<li>Higuera, La<\/li>\n<li>Huerta, La<\/li>\n<li>Iglesia, La<\/li>\n<li>Lind\u00f3n Gordo, El<\/li>\n<li>Majadal de las Cocas.<\/li>\n<li>Masones, Los<\/li>\n<li>Palomar, El<\/li>\n<li>Pontensalvo<\/li>\n<li>Reina, La<\/li>\n<li>Rosal, El<\/li>\n<li>Rosales, Los<\/li>\n<li>Sendero de las Serranas, El<\/li>\n<li>Serranas, Las<\/li>\n<li>Teso de Buenamadre, El<\/li>\n<li>Tesonera<\/li>\n<li>Vado de Aldeaseca, El<\/li>\n<li>Valde\u00e1lvaro<\/li>\n<\/ul>\n<div>\n<p><a href=\"file:\/\/\/C:\/Documents%20and%20Settings\/miguel%20angel\/My%20Documents\/Downloads\/Mozodiel,%20algunos%20datos.doc#_ftnref1\">[1]<\/a> Errata por\u00a0<em>Burrinas<\/em>.<\/p>\n<\/div>\n<p>Pascual RIESCO CHUECA (2003)\u00a0<em>Calzada de Valdunciel. Palabras, cosas y memorias de un pueblo de Salamanca<\/em>, 346 p\u00e1ginas. 24 x 17 cm. R\u00fastica. ISBN: 84-7797-209-5, ediciones Diputaci\u00f3n de Salamanca.<\/p>\n","protected":false},"excerpt":{"rendered":"<p>ALGUNOS TOP\u00d3NIMOS MENORES EN MOZODIEL Camino de Aldeaseca Camino de Villamayor Casa de la Huerta Camino de Forfoleda Camino de El Canto Tesonera Camino a Tesonera o Calzada Vieja Arroyo de la Encina Los Rosales Camino a Valverd\u00f3n Majadal de &hellip; <a href=\"http:\/\/xn--mozodieldesanchiigo-b4b.es\/?page_id=303\">Sigue leyendo <span class=\"meta-nav\">&rarr;<\/span><\/a><\/p>\n","protected":false},"author":1,"featured_media":0,"parent":300,"menu_order":0,"comment_status":"open","ping_status":"open","template":"","meta":{"footnotes":""},"class_list":["post-303","page","type-page","status-publish","hentry"],"_links":{"self":[{"href":"http:\/\/xn--mozodieldesanchiigo-b4b.es\/index.php?rest_route=\/wp\/v2\/pages\/303","targetHints":{"allow":["GET"]}}],"collection":[{"href":"http:\/\/xn--mozodieldesanchiigo-b4b.es\/index.php?rest_route=\/wp\/v2\/pages"}],"about":[{"href":"http:\/\/xn--mozodieldesanchiigo-b4b.es\/index.php?rest_route=\/wp\/v2\/types\/page"}],"author":[{"embeddable":true,"href":"http:\/\/xn--mozodieldesanchiigo-b4b.es\/index.php?rest_route=\/wp\/v2\/users\/1"}],"replies":[{"embeddable":true,"href":"http:\/\/xn--mozodieldesanchiigo-b4b.es\/index.php?rest_route=%2Fwp%2Fv2%2Fcomments&post=303"}],"version-history":[{"count":12,"href":"http:\/\/xn--mozodieldesanchiigo-b4b.es\/index.php?rest_route=\/wp\/v2\/pages\/303\/revisions"}],"predecessor-version":[{"id":453,"href":"http:\/\/xn--mozodieldesanchiigo-b4b.es\/index.php?rest_route=\/wp\/v2\/pages\/303\/revisions\/453"}],"up":[{"embeddable":true,"href":"http:\/\/xn--mozodieldesanchiigo-b4b.es\/index.php?rest_route=\/wp\/v2\/pages\/300"}],"wp:attachment":[{"href":"http:\/\/xn--mozodieldesanchiigo-b4b.es\/index.php?rest_route=%2Fwp%2Fv2%2Fmedia&parent=303"}],"curies":[{"name":"wp","href":"https:\/\/api.w.org\/{rel}","templated":true}]}}