{"id":346,"date":"2011-11-09T22:49:25","date_gmt":"2011-11-09T20:49:25","guid":{"rendered":"http:\/\/xn--mozodieldesanchiigo-b4b.es\/?page_id=346"},"modified":"2012-06-11T15:16:35","modified_gmt":"2012-06-11T13:16:35","slug":"bandos","status":"publish","type":"page","link":"http:\/\/xn--mozodieldesanchiigo-b4b.es\/?page_id=346","title":{"rendered":"Bandos"},"content":{"rendered":"<p>Entidad Local Menor de Mozodiel de Sanch\u00ed\u00f1igo<\/p>\n<p style=\"text-align: center;\"><em><strong>Edicto<\/strong><\/em><\/p>\n<p>Rendidas las Cuentas Generales del Presupuesto y de Administraci\u00f3n del Patrimonio, correspondientes al ejercicio de 2010, e informadas debidamente por la Comisi\u00f3n Especial de cuentas de esta Entidad,\u00a0en cumplimiento y de conformidad con lo dispuesto en los art\u00edculos 116\u00a0de la Ley 7\/85 y 212 del Real Decreto Legislativo 2\/2004 de 5 de marzo,\u00a0por el que se aprueba el texto refundido de la Ley Reguladora de las\u00a0Haciendas Locales, quedan expuestas al p\u00fablico en la Secretar\u00eda del Ayuntamiento de Castellanos de Villiquera, por plazo de quince d\u00edas h\u00e1biles,\u00a0para que durante el mismo y ocho d\u00edas m\u00e1s, pueden los interesados presentar por escrito los reparos, observaciones y reclamaciones que estimen pertinentes.<\/p>\n<p>Mozodiel de Sanch\u00ed\u00f1igo a, 21 de octubre de 2011.\u2013EL ALCALDEPEDANEO, Miguel \u00c1ngel \u00c1vila Santiago<\/p>\n<p>Mas\u00a0informaci\u00f3n\u00a0pinche\u00a0<a href=\"http:\/\/www.dipsanet.es\/areas\/comunicacion\/bop\/2011\/20111115.pdf\" target=\"_blank\">aqu\u00ed<\/a><\/p>\n<p><a href=\"http:\/\/xn--mozodieldesanchiigo-b4b.es\/wp-content\/uploads\/2011\/11\/SCAN0018.jpg\"><img loading=\"lazy\" decoding=\"async\" class=\"aligncenter size-full wp-image-713\" title=\"SCAN0018\" src=\"http:\/\/xn--mozodieldesanchiigo-b4b.es\/wp-content\/uploads\/2011\/11\/SCAN0018.jpg\" alt=\"\" width=\"1996\" height=\"2052\" srcset=\"http:\/\/xn--mozodieldesanchiigo-b4b.es\/wp-content\/uploads\/2011\/11\/SCAN0018.jpg 1996w, http:\/\/xn--mozodieldesanchiigo-b4b.es\/wp-content\/uploads\/2011\/11\/SCAN0018-291x300.jpg 291w, http:\/\/xn--mozodieldesanchiigo-b4b.es\/wp-content\/uploads\/2011\/11\/SCAN0018-996x1024.jpg 996w\" sizes=\"auto, (max-width: 1996px) 100vw, 1996px\" \/><\/a><a href=\"http:\/\/xn--mozodieldesanchiigo-b4b.es\/wp-content\/uploads\/2011\/11\/SCAN00191.jpg\"><img loading=\"lazy\" decoding=\"async\" class=\"aligncenter size-full wp-image-715\" title=\"SCAN0019\" src=\"http:\/\/xn--mozodieldesanchiigo-b4b.es\/wp-content\/uploads\/2011\/11\/SCAN00191.jpg\" alt=\"\" width=\"2208\" height=\"3364\" srcset=\"http:\/\/xn--mozodieldesanchiigo-b4b.es\/wp-content\/uploads\/2011\/11\/SCAN00191.jpg 2208w, http:\/\/xn--mozodieldesanchiigo-b4b.es\/wp-content\/uploads\/2011\/11\/SCAN00191-196x300.jpg 196w, http:\/\/xn--mozodieldesanchiigo-b4b.es\/wp-content\/uploads\/2011\/11\/SCAN00191-672x1024.jpg 672w\" sizes=\"auto, (max-width: 2208px) 100vw, 2208px\" \/><\/a><a href=\"http:\/\/xn--mozodieldesanchiigo-b4b.es\/wp-content\/uploads\/2011\/11\/SCAN0020.jpg\"><img loading=\"lazy\" decoding=\"async\" class=\"aligncenter size-full wp-image-717\" title=\"SCAN0020\" src=\"http:\/\/xn--mozodieldesanchiigo-b4b.es\/wp-content\/uploads\/2011\/11\/SCAN0020.jpg\" alt=\"\" width=\"2016\" height=\"3268\" srcset=\"http:\/\/xn--mozodieldesanchiigo-b4b.es\/wp-content\/uploads\/2011\/11\/SCAN0020.jpg 2016w, http:\/\/xn--mozodieldesanchiigo-b4b.es\/wp-content\/uploads\/2011\/11\/SCAN0020-185x300.jpg 185w, http:\/\/xn--mozodieldesanchiigo-b4b.es\/wp-content\/uploads\/2011\/11\/SCAN0020-631x1024.jpg 631w\" sizes=\"auto, (max-width: 2016px) 100vw, 2016px\" \/><\/a><a href=\"http:\/\/xn--mozodieldesanchiigo-b4b.es\/wp-content\/uploads\/2011\/11\/SCAN0021.jpg\"><img loading=\"lazy\" decoding=\"async\" class=\"aligncenter size-full wp-image-718\" title=\"SCAN0021\" src=\"http:\/\/xn--mozodieldesanchiigo-b4b.es\/wp-content\/uploads\/2011\/11\/SCAN0021.jpg\" alt=\"\" width=\"2008\" height=\"2180\" srcset=\"http:\/\/xn--mozodieldesanchiigo-b4b.es\/wp-content\/uploads\/2011\/11\/SCAN0021.jpg 2008w, http:\/\/xn--mozodieldesanchiigo-b4b.es\/wp-content\/uploads\/2011\/11\/SCAN0021-276x300.jpg 276w, http:\/\/xn--mozodieldesanchiigo-b4b.es\/wp-content\/uploads\/2011\/11\/SCAN0021-943x1024.jpg 943w\" sizes=\"auto, (max-width: 2008px) 100vw, 2008px\" \/><\/a><\/p>\n","protected":false},"excerpt":{"rendered":"<p>Entidad Local Menor de Mozodiel de Sanch\u00ed\u00f1igo Edicto Rendidas las Cuentas Generales del Presupuesto y de Administraci\u00f3n del Patrimonio, correspondientes al ejercicio de 2010, e informadas debidamente por la Comisi\u00f3n Especial de cuentas de esta Entidad,\u00a0en cumplimiento y de conformidad &hellip; <a href=\"http:\/\/xn--mozodieldesanchiigo-b4b.es\/?page_id=346\">Sigue leyendo <span class=\"meta-nav\">&rarr;<\/span><\/a><\/p>\n","protected":false},"author":1,"featured_media":0,"parent":745,"menu_order":0,"comment_status":"open","ping_status":"open","template":"","meta":{"footnotes":""},"class_list":["post-346","page","type-page","status-publish","hentry"],"_links":{"self":[{"href":"http:\/\/xn--mozodieldesanchiigo-b4b.es\/index.php?rest_route=\/wp\/v2\/pages\/346","targetHints":{"allow":["GET"]}}],"collection":[{"href":"http:\/\/xn--mozodieldesanchiigo-b4b.es\/index.php?rest_route=\/wp\/v2\/pages"}],"about":[{"href":"http:\/\/xn--mozodieldesanchiigo-b4b.es\/index.php?rest_route=\/wp\/v2\/types\/page"}],"author":[{"embeddable":true,"href":"http:\/\/xn--mozodieldesanchiigo-b4b.es\/index.php?rest_route=\/wp\/v2\/users\/1"}],"replies":[{"embeddable":true,"href":"http:\/\/xn--mozodieldesanchiigo-b4b.es\/index.php?rest_route=%2Fwp%2Fv2%2Fcomments&post=346"}],"version-history":[{"count":6,"href":"http:\/\/xn--mozodieldesanchiigo-b4b.es\/index.php?rest_route=\/wp\/v2\/pages\/346\/revisions"}],"predecessor-version":[{"id":748,"href":"http:\/\/xn--mozodieldesanchiigo-b4b.es\/index.php?rest_route=\/wp\/v2\/pages\/346\/revisions\/748"}],"up":[{"embeddable":true,"href":"http:\/\/xn--mozodieldesanchiigo-b4b.es\/index.php?rest_route=\/wp\/v2\/pages\/745"}],"wp:attachment":[{"href":"http:\/\/xn--mozodieldesanchiigo-b4b.es\/index.php?rest_route=%2Fwp%2Fv2%2Fmedia&parent=346"}],"curies":[{"name":"wp","href":"https:\/\/api.w.org\/{rel}","templated":true}]}}