{"id":415,"date":"2011-11-17T20:59:52","date_gmt":"2011-11-17T18:59:52","guid":{"rendered":"http:\/\/xn--mozodieldesanchiigo-b4b.es\/?page_id=415"},"modified":"2014-06-22T18:42:21","modified_gmt":"2014-06-22T16:42:21","slug":"mozodiel-en-hemerotecas-antiguas","status":"publish","type":"page","link":"http:\/\/xn--mozodieldesanchiigo-b4b.es\/?page_id=415","title":{"rendered":"Mozodiel en hemerotecas antiguas"},"content":{"rendered":"<p>Doc. sobre la Desamortizacion en Mozodiel<\/p>\n<p>AP\u00c9NDICE. Referencias a los bienes desamortizados<\/p>\n<p><a href=\"http:\/\/xn--mozodieldesanchiigo-b4b.es\/wp-content\/uploads\/2011\/11\/cronica-22.bmp\"><img decoding=\"async\" class=\"aligncenter size-full wp-image-416\" title=\"cronica 22\" src=\"http:\/\/xn--mozodieldesanchiigo-b4b.es\/wp-content\/uploads\/2011\/11\/cronica-22.bmp\" alt=\"\" \/><\/a>Adelante: revista salmantina de ciencias, artes, literatura \u00e9 intereses materiales A\u00f1o I N\u00famero 64 \u20101860 diciembre 2<\/p>\n<p><a href=\"http:\/\/xn--mozodieldesanchiigo-b4b.es\/wp-content\/uploads\/2011\/11\/cronica-222.bmp\"><img decoding=\"async\" class=\"aligncenter size-full wp-image-417\" title=\"cronica 222\" src=\"http:\/\/xn--mozodieldesanchiigo-b4b.es\/wp-content\/uploads\/2011\/11\/cronica-222.bmp\" alt=\"\" \/><\/a>Adelante: revista salmantina de ciencias, artes, literatura \u00e9 intereses materiales A\u00f1o II N\u00famero 173 \u20101861 diciembre 19<\/p>\n<p><a href=\"http:\/\/xn--mozodieldesanchiigo-b4b.es\/wp-content\/uploads\/2011\/11\/2222.bmp\"><img decoding=\"async\" class=\"aligncenter size-full wp-image-418\" title=\"2222\" src=\"http:\/\/xn--mozodieldesanchiigo-b4b.es\/wp-content\/uploads\/2011\/11\/2222.bmp\" alt=\"\" \/><\/a>Diario de avisos de Madrid \u2010 20\/12\/1840Diario de Madrid, 10 marzo 1839El Universal<\/p>\n<p><a href=\"http:\/\/xn--mozodieldesanchiigo-b4b.es\/wp-content\/uploads\/2011\/11\/22222222.bmp\"><img decoding=\"async\" class=\"aligncenter size-full wp-image-419\" title=\"22222222\" src=\"http:\/\/xn--mozodieldesanchiigo-b4b.es\/wp-content\/uploads\/2011\/11\/22222222.bmp\" alt=\"\" \/><\/a>Diario de Madrid, 10 marzo 1839<\/p>\n<p><a href=\"http:\/\/xn--mozodieldesanchiigo-b4b.es\/wp-content\/uploads\/2011\/11\/3333.bmp\"><img decoding=\"async\" class=\"aligncenter size-full wp-image-420\" title=\"3333\" src=\"http:\/\/xn--mozodieldesanchiigo-b4b.es\/wp-content\/uploads\/2011\/11\/3333.bmp\" alt=\"\" \/><\/a>El Universal \u2010 10\/03\/1821<\/p>\n<p><a href=\"http:\/\/xn--mozodieldesanchiigo-b4b.es\/wp-content\/uploads\/2011\/11\/Dibujo.bmp\"><img decoding=\"async\" class=\"aligncenter size-full wp-image-421\" title=\"Dibujo\" src=\"http:\/\/xn--mozodieldesanchiigo-b4b.es\/wp-content\/uploads\/2011\/11\/Dibujo.bmp\" alt=\"\" \/><\/a>El Siglo Futuro, 14\/11\/1883<\/p>\n<p><a href=\"http:\/\/xn--mozodieldesanchiigo-b4b.es\/wp-content\/uploads\/2011\/11\/Dibujo232.bmp\"><img decoding=\"async\" class=\"aligncenter size-full wp-image-422\" title=\"Dibujo232\" src=\"http:\/\/xn--mozodieldesanchiigo-b4b.es\/wp-content\/uploads\/2011\/11\/Dibujo232.bmp\" alt=\"\" \/><\/a>El Espectador, 05\/11\/1842<\/p>\n<p><a href=\"http:\/\/xn--mozodieldesanchiigo-b4b.es\/wp-content\/uploads\/2011\/11\/croni-en-mozodiel-no-se-muere-nadie1.bmp\"><img decoding=\"async\" class=\"aligncenter size-full wp-image-410\" title=\"croni en mozodiel no se muere nadie\" src=\"http:\/\/xn--mozodieldesanchiigo-b4b.es\/wp-content\/uploads\/2011\/11\/croni-en-mozodiel-no-se-muere-nadie1.bmp\" alt=\"\" \/><\/a><a href=\"http:\/\/xn--mozodieldesanchiigo-b4b.es\/wp-content\/uploads\/2011\/11\/cronica-21.bmp\"><img decoding=\"async\" class=\"aligncenter size-full wp-image-411\" title=\"cronica 2\" src=\"http:\/\/xn--mozodieldesanchiigo-b4b.es\/wp-content\/uploads\/2011\/11\/cronica-21.bmp\" alt=\"\" \/><\/a>21 de junio en 1936 acerca de Mozodiel<\/p>\n<p>Recopilado por Don Pascual Riesco Chueca.<\/p>\n","protected":false},"excerpt":{"rendered":"<p>Doc. sobre la Desamortizacion en Mozodiel AP\u00c9NDICE. Referencias a los bienes desamortizados Adelante: revista salmantina de ciencias, artes, literatura \u00e9 intereses materiales A\u00f1o I N\u00famero 64 \u20101860 diciembre 2 Adelante: revista salmantina de ciencias, artes, literatura \u00e9 intereses materiales A\u00f1o &hellip; <a href=\"http:\/\/xn--mozodieldesanchiigo-b4b.es\/?page_id=415\">Sigue leyendo <span class=\"meta-nav\">&rarr;<\/span><\/a><\/p>\n","protected":false},"author":1,"featured_media":0,"parent":152,"menu_order":0,"comment_status":"open","ping_status":"open","template":"","meta":{"footnotes":""},"class_list":["post-415","page","type-page","status-publish","hentry"],"_links":{"self":[{"href":"http:\/\/xn--mozodieldesanchiigo-b4b.es\/index.php?rest_route=\/wp\/v2\/pages\/415","targetHints":{"allow":["GET"]}}],"collection":[{"href":"http:\/\/xn--mozodieldesanchiigo-b4b.es\/index.php?rest_route=\/wp\/v2\/pages"}],"about":[{"href":"http:\/\/xn--mozodieldesanchiigo-b4b.es\/index.php?rest_route=\/wp\/v2\/types\/page"}],"author":[{"embeddable":true,"href":"http:\/\/xn--mozodieldesanchiigo-b4b.es\/index.php?rest_route=\/wp\/v2\/users\/1"}],"replies":[{"embeddable":true,"href":"http:\/\/xn--mozodieldesanchiigo-b4b.es\/index.php?rest_route=%2Fwp%2Fv2%2Fcomments&post=415"}],"version-history":[{"count":3,"href":"http:\/\/xn--mozodieldesanchiigo-b4b.es\/index.php?rest_route=\/wp\/v2\/pages\/415\/revisions"}],"predecessor-version":[{"id":1060,"href":"http:\/\/xn--mozodieldesanchiigo-b4b.es\/index.php?rest_route=\/wp\/v2\/pages\/415\/revisions\/1060"}],"up":[{"embeddable":true,"href":"http:\/\/xn--mozodieldesanchiigo-b4b.es\/index.php?rest_route=\/wp\/v2\/pages\/152"}],"wp:attachment":[{"href":"http:\/\/xn--mozodieldesanchiigo-b4b.es\/index.php?rest_route=%2Fwp%2Fv2%2Fmedia&parent=415"}],"curies":[{"name":"wp","href":"https:\/\/api.w.org\/{rel}","templated":true}]}}