{"id":515,"date":"2011-12-24T23:23:56","date_gmt":"2011-12-24T21:23:56","guid":{"rendered":"http:\/\/xn--mozodieldesanchiigo-b4b.es\/?page_id=515"},"modified":"2011-12-24T23:23:56","modified_gmt":"2011-12-24T21:23:56","slug":"la-mujer","status":"publish","type":"page","link":"http:\/\/xn--mozodieldesanchiigo-b4b.es\/?page_id=515","title":{"rendered":"LA MUJER"},"content":{"rendered":"<p><span style=\"font-family: Verdana; font-size: medium;\"><strong>La mujer: mujer, esposa y madre<\/p>\n<p><\/strong><\/span><span style=\"font-family: Verdana; font-size: x-small;\">Todos hemos o\u00eddo, aunque sea por referencias la frase \u00abya puedo morir tranquilo; mis hijas est\u00e1n casadas\u00bb. Esta frase es de finales del siglo XX, pero podemos imaginarla con m\u00e1s crudeza a\u00fan en el siglo XIX. Las mujeres cumpl\u00edan la funci\u00f3n reproductora en la sociedad y como apoyo en la enfermedad y en la vejez. Siendo j\u00f3venes, realizaban las tareas del hogar y les serv\u00eda de aprendizaje para su vida futura: el matrimonio. Para los hijos se reservaba el trabajo del campo, que al fin y al cabo era lo importante, pues de eso com\u00eda toda la familia. Este trabajo absorb\u00eda toda la mano de obra disponible en la casa. Si hab\u00eda varios hijos varones y sobraban brazos, siempre cab\u00eda la posibilidad de ir de criados a otras familias que lo necesitaran, o alistarse en el ej\u00e9rcito o buscar trabajo en Salamanca. Para ellas, el ir a servir a Salamanca era m\u00e1s complicado. En todo caso, la salida m\u00e1s l\u00f3gica era el matrimonio. As\u00ed, podemos comprender el que muchos padres se preocupen por darle una buena dote a su hija para cuando se case, procurando casarla lo mejor posible.<\/p>\n<p>No deb\u00eda ser mal partido para Rosa Terrero, cuyo padre Crist\u00f3bal Terrero, en 1.853 realiza una\u00a0<em>fianza de constituci\u00f3n de dote<\/em> por valor de 3.000 rs, hipotecando una finca de nuevo rompido en la cruz de Santiago, de 2,5 fanegas y de 1\u00aa calidad. El afortunado era Gabriel de la Mano, de Villamayor, cabo 2\u00ba de la 5\u00aa Compa\u00f1\u00eda del 8\u00ba Tercio de la Guardia civil de esta capital. \u00a1Casi nada! Seguro que era su mejor tierra, al lado del pueblo. Bien es cierto que en esta mitad de siglo, las gentes de Calzada gozan ya de un cierto desahogo econ\u00f3mico y pueden permitirse el \u00ablujo\u00bb de hipotecar alguna tierra para darles una buena dote a sus hijas. O lo que es lo mismo, para casarlas bien.<\/p>\n<p>Era l\u00edcito y no estaba mal visto ama\u00f1ar matrimonios entre familias para aumentar el patrimonio familiar. La nobleza lo hab\u00eda estado haciendo desde siempre. Eran relativamente habituales los matrimonios entre primos carnales, como medio de aumentar ese patrimonio. Aunque no eran primos, no debi\u00f3 resultar extra\u00f1o el matrimonio de los cuatro hermanos Cecilia, Baltasar, Jos\u00e9 Jer\u00f3nimo y Manuel Riesco Andr\u00e9s con otros cuatro hermanos Francisco, Tomasa, M\u00aa Concepci\u00f3n e Isabel Bravo Roll\u00e1n, respectivamente. Fue el origen de las familias Riesco-Bravo y Bravo-Riesco.<\/p>\n<p>La edad para acceder al matrimonio empezaba, normalmente a los 18 a\u00f1os y llegaba hasta los 50, si ten\u00edan la suerte de casarse. Enseguida empezaban a venir los hijos, uno tras de otro; y tambi\u00e9n en muchos casos, uno tras de otro tambi\u00e9n mor\u00edan<\/p>\n<p>A veces en el mismo parto, o al cabo de unos d\u00edas. Esto era bastante frecuente. Basta echar un vistazo a la tabla de p\u00e1rvulos difuntos en a\u00f1os no catastr\u00f3ficos. Pero lo realmente catastr\u00f3fico era la muerte de la madre, cosa bastante frecuente en el parto. Ah\u00ed se quedaba el padre-marido-viudo con sus hijos-hu\u00e9rfanos. En bastantes ocasiones, el viudo se casaba de nuevo y a la mayor brevedad posible. Es indispensable que haya una mujer que gobierne la casa y cr\u00ede a los ni\u00f1os. No era infrecuente que tomara por esposa a una hermana de la difunta. \u00bfQui\u00e9n mejor iba a cuidar a sus hijos? No importaba la diferencia de edad que pudiera existir entre ambos. Menos a\u00fan importaba lo que la futura esposa deseara hacer de su vida. Lo m\u00e1s importante era criar a los hijos de su hermana.<\/p>\n<p>Si este matrimonio no era posible, se extend\u00eda el campo de b\u00fasqueda al pueblo entero o fuera de \u00e9l. La sociedad lo ve\u00eda como algo natural. Incluso colaboraba e informaba al viudo de posibles candidatas. Realmente era un problema social.<\/p>\n<p>Si era la mujer la que se quedaba viuda, siendo joven y sin hijos, pod\u00eda unirse en matrimonio a otro hombre y empezar de nuevo. Si ten\u00eda hijos peque\u00f1os, era mucho m\u00e1s complicado. No era normal que un hombre aceptara como esposa a una mujer con hijos de otro, salvo que \u00e9l mismo tambi\u00e9n fuera viudo y aportara sus propios hijos. En muchas ocasiones, le tocaba a ella sola sacar adelante a toda la familia. Y no eran casos tan infrecuentes. La ayuda de su propia familia y, en menor medida, la familia de su difunto marido, era vital en estos casos. As\u00ed, Jacinta Blanco en 1.840, con 42 a\u00f1os de edad y 9 hijos, de los que al menos 2 murieron a corta edad, toma en renta, junto con los antiguos socios de su difunto esposo, las tierras del Colegio Cient\u00edfico de Salamanca, por 9 a\u00f1os. Dionisia Hdez, viuda de Juan Fraile, hace lo propio con las tierras de la Mesa Capitular de Santiago, una vez expropiadas por la Naci\u00f3n, en compa\u00f1\u00eda de Casiano Ledesma, alcalde y Jos\u00e9 Villanueva; o Mar\u00eda Pablos, viuda de Andr\u00e9s Fraile que, en 1.856, junto a Jos\u00e9 Bravo, \u00c1ngel Ruiz, Jos\u00e9 Fraile Zarza y Baltasar Riesco toman en renta las 93 fanegas de tierra de Manuel Men\u00e9ndez, de Madrid. Lo importante era sacar adelante a los hijos. Y lo consegu\u00edan. \u00a1Qu\u00e9 remedio le quedaba a Isabel Casta\u00f1eda, cuando en 1.861 muere su marido Leoncio Andr\u00e9s con 40 a\u00f1os, de\u00a0<em>neumonitis cr\u00f3nica<\/em>! Tuvieron 9 hijos, de los que sobreviven 5; el mayor tiene 12 a\u00f1os, el peque\u00f1o, apenas un a\u00f1o. Con toda la ilusi\u00f3n del mundo, compr\u00f3 tierra desamortizada para dejarla a sus hijos, entre otras fincas: Una suerte de 28 en que el Estado dividi\u00f3 la 5\u00aa parte de Carde\u00f1osa para su venta. Este terreno de Carde\u00f1osa fue rematado por el Estado a Cipriano G\u00f3mez, que las cedi\u00f3 a Leoncio por 14.285,75 rs, de los que hab\u00eda pagado a su muerte 5.714,28 rs y deb\u00eda 8.571,42 rs. Eran 10 tierras, con una extensi\u00f3n total de 13,5 fanegas. Su viuda tuvo que venderlas en 1.865<\/p>\n<p>Tambi\u00e9n vendi\u00f3 una cortina cercada de pared de piedra y tierra al camino de Salamanca, de 1 huebra, con los linderos:<\/p>\n<p>E: c\u00ba Sca, S y N\u00a0: c\u00ba que sale del de Sca al de Castellanos, W\u00a0: c\u00ba Castellanos<\/p>\n<p>Adem\u00e1s de estas y otras tierras, tambi\u00e9n les dej\u00f3 bastantes deudas.<\/p>\n<p>Viv\u00eda en la c\/ Laguna, al lado de la actual casa de los Bravo<\/p>\n<p>En el a\u00f1o 1.900, un hijo de ambos, Manuel Andr\u00e9s Casta\u00f1eda es el propietario de la casa paterna antes citada y de otra en c\/ Laguna, 1.<\/p>\n<p>En los protocolos de venta de bienes, es el marido el que efect\u00faa la venta, aunque su esposa tambi\u00e9n suele figurar, pero s\u00f3lo como \u00abesposa de\u00bb. En muchas ocasiones, ni siquiera figura. Cuando la finca que se vende es un bien heredado por la esposa, es ella quien ejecuta la venta, pero siempre con la autorizaci\u00f3n de su marido. En estos casos, se hace siempre referencia a la Nov\u00edsima recopilaci\u00f3n de las Leyes de Toro, seg\u00fan la cual el notario debe hacer constar que la esposa da permiso al marido para realizar la venta, libremente, sin coacciones de ning\u00fan tipo. Por otra parte, en caso de embargo, los jueces embargan los bienes del matrimonio. As\u00ed, Mar\u00eda Terrero, Mar\u00eda Casta\u00f1eda y Gertrudis Mac\u00edas de Castro, esposas respectivas de Patricio Andr\u00e9s, Juan Andr\u00e9s Mart\u00edn y Agust\u00edn Fraile deben contratar un abogado para que les defienda del embargo decretado por el juez, por la muerte del marqu\u00e9s y otro desconocido, de la que sus maridos han sido acusados y condenados (al pago de las costas del juicio). Aducen que, en dicho embargo, se han incluido las propiedades que ellas aportaron al matrimonio y que heredaron de sus padres y no procede que les sean embargadas.<\/p>\n<p>Parece como si ella fuera considerada menor de edad. Sin embargo, en los protocolos de compra figuran los c\u00f3nyuges, y ambos, juntos o por separado, se comprometen al pago del bien adquirido. Por \u00faltimo, si la mujer, ya viuda, compra o vende algo, se cita su nombre \u00abFulana de Tal, viuda de &#8230;.\u00bb. Con ese apelativo parece no necesitar el permiso legal de su marido. Por cierto, en ninguna de las actas notariales que he visto referentes a esta \u00e9poca, he visto firma alguna de una mujer. Probablemente no supieran leer ni escribir, pero no ser\u00eda \u00f3bice, pues he encontrado alg\u00fan caso en que el var\u00f3n no sabe firmar y de ello dan fe el notario y los testigos, cuyo testimonio sustituye a la firma.<\/p>\n<p>Llamativo es el caso de Mariana Javier, casada en segundas nupcias con Andr\u00e9s Zarzoso, vecino de <span style=\"text-decoration: underline;\"><strong>Mozodiel de Sanch\u00ednigo<\/strong><\/span>. El hijo de su primer matrimonio, Ignacio Merino Javier cambia la suerte de soldado con Manuel Blanco, del partido de Ledesma, por lo que percibir\u00e1 la cantidad de 5.160 reales, a pagar de la siguiente forma: 1.160 reales en el acto y 4.000 al terminar el servicio, siendo estos \u00faltimos pagaderos a Andr\u00e9s Zarzoso, su padrastro. S\u00f3lo en caso de que este haya fallecido, le ser\u00e1n entregados a su madre Mariana o a sus hermanos.<\/p>\n<p>M\u00e1s interesante a\u00fan es el papel de la mujer en los testamentos. Es el marido el que decide los t\u00e9rminos del testamento, las donaciones, las misas, etc. Si muere primero la esposa, ni siquiera se hace testamento. Los hijos y el marido reciben cada uno la parte que legalmente les corresponde. Si es el marido el que muere primero, deja escrito en testamento el n\u00famero de misas cantadas y rezadas que se dir\u00e1n por su alma, y las almas de quien \u00e9l decida: padres, suegros, esposa, etc; los donativos para los pobres, para la Iglesia, para las \u00e1nimas, para el Cristo. Parece ser que s\u00f3lo \u00e9l ten\u00eda derecho a ser enterrado con el h\u00e1bito de alguna Congregaci\u00f3n religiosa, pues as\u00ed sol\u00eda empezar el testamento<\/p>\n<p><\/span><\/p>\n<p>&nbsp;<\/p>\n","protected":false},"excerpt":{"rendered":"<p>La mujer: mujer, esposa y madre Todos hemos o\u00eddo, aunque sea por referencias la frase \u00abya puedo morir tranquilo; mis hijas est\u00e1n casadas\u00bb. Esta frase es de finales del siglo XX, pero podemos imaginarla con m\u00e1s crudeza a\u00fan en el &hellip; <a href=\"http:\/\/xn--mozodieldesanchiigo-b4b.es\/?page_id=515\">Sigue leyendo <span class=\"meta-nav\">&rarr;<\/span><\/a><\/p>\n","protected":false},"author":1,"featured_media":0,"parent":300,"menu_order":0,"comment_status":"open","ping_status":"open","template":"","meta":{"footnotes":""},"class_list":["post-515","page","type-page","status-publish","hentry"],"_links":{"self":[{"href":"http:\/\/xn--mozodieldesanchiigo-b4b.es\/index.php?rest_route=\/wp\/v2\/pages\/515","targetHints":{"allow":["GET"]}}],"collection":[{"href":"http:\/\/xn--mozodieldesanchiigo-b4b.es\/index.php?rest_route=\/wp\/v2\/pages"}],"about":[{"href":"http:\/\/xn--mozodieldesanchiigo-b4b.es\/index.php?rest_route=\/wp\/v2\/types\/page"}],"author":[{"embeddable":true,"href":"http:\/\/xn--mozodieldesanchiigo-b4b.es\/index.php?rest_route=\/wp\/v2\/users\/1"}],"replies":[{"embeddable":true,"href":"http:\/\/xn--mozodieldesanchiigo-b4b.es\/index.php?rest_route=%2Fwp%2Fv2%2Fcomments&post=515"}],"version-history":[{"count":1,"href":"http:\/\/xn--mozodieldesanchiigo-b4b.es\/index.php?rest_route=\/wp\/v2\/pages\/515\/revisions"}],"predecessor-version":[{"id":516,"href":"http:\/\/xn--mozodieldesanchiigo-b4b.es\/index.php?rest_route=\/wp\/v2\/pages\/515\/revisions\/516"}],"up":[{"embeddable":true,"href":"http:\/\/xn--mozodieldesanchiigo-b4b.es\/index.php?rest_route=\/wp\/v2\/pages\/300"}],"wp:attachment":[{"href":"http:\/\/xn--mozodieldesanchiigo-b4b.es\/index.php?rest_route=%2Fwp%2Fv2%2Fmedia&parent=515"}],"curies":[{"name":"wp","href":"https:\/\/api.w.org\/{rel}","templated":true}]}}