{"id":6,"date":"2011-06-26T13:07:50","date_gmt":"2011-06-26T11:07:50","guid":{"rendered":"http:\/\/xn--mozodieldesanchiigo-b4b.es\/?page_id=6"},"modified":"2011-11-14T22:47:36","modified_gmt":"2011-11-14T20:47:36","slug":"localizacion","status":"publish","type":"page","link":"http:\/\/xn--mozodieldesanchiigo-b4b.es\/?page_id=6","title":{"rendered":"Localizaci\u00f3n"},"content":{"rendered":"<p><strong>Mozodiel de Sanch\u00ed\u00f1igo <\/strong>es un peque\u00f1o municipio de la provincia de Salamanca situado a 6 Km. de Salamanca, por la carretera de Ledesma (SA-300), situado entre Villamayor de la Armu\u00f1a y el parque de Valcuevo.<\/p>\n<p>Prueba del <strong>extraordinario entorno <\/strong>en que se encuentra Mozodiel de Sanch\u00ed\u00f1igo son las extraordinarias instalaciones que se encuentran en un radio inferir a 5 kil\u00f3metros: la <a href=\"http:\/\/haciendas-espana.com\/es\/hacienda-zorita.php\" target=\"_blank\">Hacienda Zorita<\/a>, el <a href=\"http:\/\/pcs.usal.es\/\" target=\"_blank\">Parque Cient\u00edfico de la Universidad de Salamanca<\/a>, el <a href=\"https:\/\/www.cajaduero.es\/obrasocial\/quienessomos\/centros\/centro_tiempolibre_sa2.aspx\" target=\"_blank\">Parque social de Valcuevo<\/a>, <a href=\"http:\/\/www.fundaciontormes-eb.org\/\" target=\"_blank\">Fundacion Tormes<\/a> o el <a href=\"http:\/\/www.salamancaforum.com\/golf.php\" target=\"_blank\">Campo de Golf de Villamayor<\/a> el importante\u00a0<a href=\"http:\/\/ciale.usal.es\/\" target=\"_blank\">CIALE<\/a> (Centro Hispanoluso de Investigaciones Agrarias) en resumen\u00a0importantes\u00a0servicios (hoteles, restaurantes y bares), zonas de recreo, entidades punteras de\u00a0innovaci\u00f3n, administraciones al cuidado del medio ambiente, la Universidad de Salamanca.<\/p>\n<p>Tambi\u00e9n puede llegar hasta Mozodiel de Sanch\u00ed\u00f1igo usando el extraordinario <strong><a href=\"http:\/\/www.amigosdelabici.es\/mapacarrilesbici.php\" target=\"_blank\">carril bici<\/a><\/strong> desde Salamanca.<br \/>\n<small><a style=\"color: #0000ff; text-align: left;\" href=\"http:\/\/maps.google.es\/maps?f=q&amp;source=embed&amp;hl=es&amp;geocode=&amp;q=mozodiel+de+sanch%C3%A1%C3%B1igo&amp;aq=&amp;sll=40.396764,-3.713379&amp;sspn=5.671421,14.128418&amp;ie=UTF8&amp;hq=&amp;hnear=Mozodiel+de+Sanch%C3%A1nigo,+Castellanos+de+Villiquera,+Salamanca,+Castilla+y+Le%C3%B3n&amp;ll=41.027108,-5.71174&amp;spn=0.044426,0.175781&amp;z=13\" target=\"_blank\">Ver mapa m\u00e1s grande<\/a><\/small><\/p>\n","protected":false},"excerpt":{"rendered":"<p>Mozodiel de Sanch\u00ed\u00f1igo es un peque\u00f1o municipio de la provincia de Salamanca situado a 6 Km. de Salamanca, por la carretera de Ledesma (SA-300), situado entre Villamayor de la Armu\u00f1a y el parque de Valcuevo. Prueba del extraordinario entorno en &hellip; <a href=\"http:\/\/xn--mozodieldesanchiigo-b4b.es\/?page_id=6\">Sigue leyendo <span class=\"meta-nav\">&rarr;<\/span><\/a><\/p>\n","protected":false},"author":1,"featured_media":0,"parent":238,"menu_order":0,"comment_status":"open","ping_status":"open","template":"","meta":{"footnotes":""},"class_list":["post-6","page","type-page","status-publish","hentry"],"_links":{"self":[{"href":"http:\/\/xn--mozodieldesanchiigo-b4b.es\/index.php?rest_route=\/wp\/v2\/pages\/6","targetHints":{"allow":["GET"]}}],"collection":[{"href":"http:\/\/xn--mozodieldesanchiigo-b4b.es\/index.php?rest_route=\/wp\/v2\/pages"}],"about":[{"href":"http:\/\/xn--mozodieldesanchiigo-b4b.es\/index.php?rest_route=\/wp\/v2\/types\/page"}],"author":[{"embeddable":true,"href":"http:\/\/xn--mozodieldesanchiigo-b4b.es\/index.php?rest_route=\/wp\/v2\/users\/1"}],"replies":[{"embeddable":true,"href":"http:\/\/xn--mozodieldesanchiigo-b4b.es\/index.php?rest_route=%2Fwp%2Fv2%2Fcomments&post=6"}],"version-history":[{"count":10,"href":"http:\/\/xn--mozodieldesanchiigo-b4b.es\/index.php?rest_route=\/wp\/v2\/pages\/6\/revisions"}],"predecessor-version":[{"id":11,"href":"http:\/\/xn--mozodieldesanchiigo-b4b.es\/index.php?rest_route=\/wp\/v2\/pages\/6\/revisions\/11"}],"up":[{"embeddable":true,"href":"http:\/\/xn--mozodieldesanchiigo-b4b.es\/index.php?rest_route=\/wp\/v2\/pages\/238"}],"wp:attachment":[{"href":"http:\/\/xn--mozodieldesanchiigo-b4b.es\/index.php?rest_route=%2Fwp%2Fv2%2Fmedia&parent=6"}],"curies":[{"name":"wp","href":"https:\/\/api.w.org\/{rel}","templated":true}]}}