{"id":667,"date":"2012-04-09T23:04:45","date_gmt":"2012-04-09T21:04:45","guid":{"rendered":"http:\/\/xn--mozodieldesanchiigo-b4b.es\/?page_id=667"},"modified":"2012-04-15T10:39:44","modified_gmt":"2012-04-15T08:39:44","slug":"coto","status":"publish","type":"page","link":"http:\/\/xn--mozodieldesanchiigo-b4b.es\/?page_id=667","title":{"rendered":"Coto"},"content":{"rendered":"<p>Informaci\u00f3n sobre El coto de Caza de Mozodiel de Sanchi\u00f1igo<\/p>\n<p><a href=\"http:\/\/xn--mozodieldesanchiigo-b4b.es\/wp-content\/uploads\/2012\/04\/mozodiel-coto-2.jpg\"><img loading=\"lazy\" decoding=\"async\" class=\"aligncenter size-full wp-image-688\" title=\"mozodiel coto 2\" src=\"http:\/\/xn--mozodieldesanchiigo-b4b.es\/wp-content\/uploads\/2012\/04\/mozodiel-coto-2.jpg\" alt=\"\" width=\"873\" height=\"577\" srcset=\"http:\/\/xn--mozodieldesanchiigo-b4b.es\/wp-content\/uploads\/2012\/04\/mozodiel-coto-2.jpg 873w, http:\/\/xn--mozodieldesanchiigo-b4b.es\/wp-content\/uploads\/2012\/04\/mozodiel-coto-2-300x198.jpg 300w\" sizes=\"auto, (max-width: 873px) 100vw, 873px\" \/><\/a><\/p>\n<p>&nbsp;<\/p>\n<p><a href=\"http:\/\/xn--mozodieldesanchiigo-b4b.es\/wp-content\/uploads\/2012\/04\/SCAN0001-11.jpg\"><img loading=\"lazy\" decoding=\"async\" class=\"aligncenter size-full wp-image-676\" title=\"SCAN0001 (1)\" src=\"http:\/\/xn--mozodieldesanchiigo-b4b.es\/wp-content\/uploads\/2012\/04\/SCAN0001-11.jpg\" alt=\"\" width=\"2196\" height=\"3344\" srcset=\"http:\/\/xn--mozodieldesanchiigo-b4b.es\/wp-content\/uploads\/2012\/04\/SCAN0001-11.jpg 2196w, http:\/\/xn--mozodieldesanchiigo-b4b.es\/wp-content\/uploads\/2012\/04\/SCAN0001-11-197x300.jpg 197w, http:\/\/xn--mozodieldesanchiigo-b4b.es\/wp-content\/uploads\/2012\/04\/SCAN0001-11-672x1024.jpg 672w\" sizes=\"auto, (max-width: 2196px) 100vw, 2196px\" \/><\/a><\/p>\n<p>En construcci\u00f3n<\/p>\n","protected":false},"excerpt":{"rendered":"<p>Informaci\u00f3n sobre El coto de Caza de Mozodiel de Sanchi\u00f1igo &nbsp; En construcci\u00f3n<\/p>\n","protected":false},"author":1,"featured_media":0,"parent":0,"menu_order":0,"comment_status":"open","ping_status":"open","template":"","meta":{"footnotes":""},"class_list":["post-667","page","type-page","status-publish","hentry"],"_links":{"self":[{"href":"http:\/\/xn--mozodieldesanchiigo-b4b.es\/index.php?rest_route=\/wp\/v2\/pages\/667","targetHints":{"allow":["GET"]}}],"collection":[{"href":"http:\/\/xn--mozodieldesanchiigo-b4b.es\/index.php?rest_route=\/wp\/v2\/pages"}],"about":[{"href":"http:\/\/xn--mozodieldesanchiigo-b4b.es\/index.php?rest_route=\/wp\/v2\/types\/page"}],"author":[{"embeddable":true,"href":"http:\/\/xn--mozodieldesanchiigo-b4b.es\/index.php?rest_route=\/wp\/v2\/users\/1"}],"replies":[{"embeddable":true,"href":"http:\/\/xn--mozodieldesanchiigo-b4b.es\/index.php?rest_route=%2Fwp%2Fv2%2Fcomments&post=667"}],"version-history":[{"count":6,"href":"http:\/\/xn--mozodieldesanchiigo-b4b.es\/index.php?rest_route=\/wp\/v2\/pages\/667\/revisions"}],"predecessor-version":[{"id":689,"href":"http:\/\/xn--mozodieldesanchiigo-b4b.es\/index.php?rest_route=\/wp\/v2\/pages\/667\/revisions\/689"}],"wp:attachment":[{"href":"http:\/\/xn--mozodieldesanchiigo-b4b.es\/index.php?rest_route=%2Fwp%2Fv2%2Fmedia&parent=667"}],"curies":[{"name":"wp","href":"https:\/\/api.w.org\/{rel}","templated":true}]}}