{"id":690,"date":"2012-04-16T21:40:24","date_gmt":"2012-04-16T19:40:24","guid":{"rendered":"http:\/\/xn--mozodieldesanchiigo-b4b.es\/?page_id=690"},"modified":"2012-04-16T21:40:24","modified_gmt":"2012-04-16T19:40:24","slug":"mozodiel-y-el-puente-romano","status":"publish","type":"page","link":"http:\/\/xn--mozodieldesanchiigo-b4b.es\/?page_id=690","title":{"rendered":"Mozodiel y el Puente Romano"},"content":{"rendered":"<h2><a rel=\"bookmark\" href=\"http:\/\/sologpsbtt.wordpress.com\/2009\/11\/03\/mozodiel-y-el-puente-romano-petalo-tres\/\">Mozodiel y el Puente Romano<\/a><\/h2>\n<div>\n<p><a href=\"http:\/\/3.bp.blogspot.com\/_Nphq4Bf7Prg\/Sttd_VMA2II\/AAAAAAAAAq0\/TVUNc15nP0Y\/s1600-h\/1+km+o+carril+bici.jpg\"><img decoding=\"async\" src=\"http:\/\/3.bp.blogspot.com\/_Nphq4Bf7Prg\/Sttd_VMA2II\/AAAAAAAAAq0\/TVUNc15nP0Y\/s200\/1+km+o+carril+bici.jpg\" border=\"0\" alt=\"\" \/><\/a><br \/>\n<strong>Mozodiel y el Puente Romano (P\u00e9talo tres)<\/strong><br \/>\nComenzamos en el puente romano en el Km. 0 del carril bici, direcci\u00f3n tejares.<br \/>\nEl objetivo es volver por el otro extremo del carril, en la otra ribera del r\u00edo Tormes,<br \/>\nDespu\u00e9s de dar un rodeo por algunos pueblos de la provincia.<br \/>\nNos dirigirnos por el carril bici hasta tejares y una vez pasado cogemos un camino que nos lleva a un t\u00fanel que atraviesa la autov\u00eda, continuaci\u00f3n cogemos la pista de servicio hasta coger un desv\u00edo que nos llevar\u00e1 por ribera del Tormes hasta Santib\u00e1\u00f1ez del R\u00edo. Luego un poco de carretera y comenzamos a subir hasta Castellanos de Villequera.<br \/>\nDe Hay a Mozodiel del camino, ojo al camino que hay a continuaci\u00f3n ya que hay dos puntos de observaci\u00f3n de aves, con un obelisco de informaci\u00f3n.<a href=\"http:\/\/4.bp.blogspot.com\/_Nphq4Bf7Prg\/StteMCBOu7I\/AAAAAAAAAq8\/G0NuL7XLJ0c\/s1600-h\/8+Punto_obs._de_aves.jpg\"><img decoding=\"async\" src=\"http:\/\/4.bp.blogspot.com\/_Nphq4Bf7Prg\/StteMCBOu7I\/AAAAAAAAAq8\/G0NuL7XLJ0c\/s200\/8+Punto_obs._de_aves.jpg\" border=\"0\" alt=\"\" \/><\/a><br \/>\nDespu\u00e9s, hasta Monterrubio de la Armu\u00f1a, subiendo a continuaci\u00f3n a la Ermita del Viso, pasamos por un punto geod\u00e9sico y a partir de hay bajamos hacia Salamanca pasando por Villares de la reina\u2026.<\/p>\n<p>info<br \/>\n<a href=\"http:\/\/www.misrutas.net\/RutasDe.aspx?id=3108&amp;tipo=13\">http:\/\/www.misrutas.net\/RutasDe.aspx?id=3108&amp;tipo=13<\/a><\/p>\n<\/div>\n<p>&nbsp;<\/p>\n<p><img decoding=\"async\" src=\"http:\/\/3.bp.blogspot.com\/_Nphq4Bf7Prg\/SmDfFhaqRFI\/AAAAAAAAADs\/vUqW67nNOjg\/s1600\/3.jpg\" alt=\"[3.jpg]\" \/><\/p>\n","protected":false},"excerpt":{"rendered":"<p>Mozodiel y el Puente Romano Mozodiel y el Puente Romano (P\u00e9talo tres) Comenzamos en el puente romano en el Km. 0 del carril bici, direcci\u00f3n tejares. El objetivo es volver por el otro extremo del carril, en la otra ribera &hellip; <a href=\"http:\/\/xn--mozodieldesanchiigo-b4b.es\/?page_id=690\">Sigue leyendo <span class=\"meta-nav\">&rarr;<\/span><\/a><\/p>\n","protected":false},"author":1,"featured_media":0,"parent":206,"menu_order":0,"comment_status":"open","ping_status":"open","template":"","meta":{"footnotes":""},"class_list":["post-690","page","type-page","status-publish","hentry"],"_links":{"self":[{"href":"http:\/\/xn--mozodieldesanchiigo-b4b.es\/index.php?rest_route=\/wp\/v2\/pages\/690","targetHints":{"allow":["GET"]}}],"collection":[{"href":"http:\/\/xn--mozodieldesanchiigo-b4b.es\/index.php?rest_route=\/wp\/v2\/pages"}],"about":[{"href":"http:\/\/xn--mozodieldesanchiigo-b4b.es\/index.php?rest_route=\/wp\/v2\/types\/page"}],"author":[{"embeddable":true,"href":"http:\/\/xn--mozodieldesanchiigo-b4b.es\/index.php?rest_route=\/wp\/v2\/users\/1"}],"replies":[{"embeddable":true,"href":"http:\/\/xn--mozodieldesanchiigo-b4b.es\/index.php?rest_route=%2Fwp%2Fv2%2Fcomments&post=690"}],"version-history":[{"count":1,"href":"http:\/\/xn--mozodieldesanchiigo-b4b.es\/index.php?rest_route=\/wp\/v2\/pages\/690\/revisions"}],"predecessor-version":[{"id":691,"href":"http:\/\/xn--mozodieldesanchiigo-b4b.es\/index.php?rest_route=\/wp\/v2\/pages\/690\/revisions\/691"}],"up":[{"embeddable":true,"href":"http:\/\/xn--mozodieldesanchiigo-b4b.es\/index.php?rest_route=\/wp\/v2\/pages\/206"}],"wp:attachment":[{"href":"http:\/\/xn--mozodieldesanchiigo-b4b.es\/index.php?rest_route=%2Fwp%2Fv2%2Fmedia&parent=690"}],"curies":[{"name":"wp","href":"https:\/\/api.w.org\/{rel}","templated":true}]}}